{"id":111,"date":"2011-11-09T22:05:28","date_gmt":"2011-11-10T01:05:28","guid":{"rendered":"http:\/\/www.arielarango.com\/?page_id=111"},"modified":"2011-11-23T19:38:07","modified_gmt":"2011-11-23T22:38:07","slug":"comentarios","status":"publish","type":"page","link":"https:\/\/www.arielarango.com\/?page_id=111","title":{"rendered":"Cr\u00edticas"},"content":{"rendered":"<p>Esta secci\u00f3n recopila documental de algunas de las cr\u00edticas que a lo largo de estos a\u00f1os ha recibido la obra de Ariel Arango.<\/p>\n<h5>The International Review of Psycho-Analisis<\/h5>\n<p>Comentario sobre <strong>Dirty Words<\/strong>, la versi\u00f3n en idioma ingl\u00e9s de Las Malas Palabras.<\/p>\n<p><img decoding=\"async\" loading=\"lazy\" class=\"alignnone size-full wp-image-124\" src=\"http:\/\/www.arielarango.com\/wp-content\/uploads\/2011\/11\/The-International-Review-of-Psycho-Analisis-cover2.jpg\" alt=\"Tapa de &quot;The international review of psycho-analysis&quot;\" width=\"590\" height=\"834\" srcset=\"https:\/\/www.arielarango.com\/wp-content\/uploads\/2011\/11\/The-International-Review-of-Psycho-Analisis-cover2.jpg 590w, https:\/\/www.arielarango.com\/wp-content\/uploads\/2011\/11\/The-International-Review-of-Psycho-Analisis-cover2-212x300.jpg 212w\" sizes=\"(max-width: 590px) 100vw, 590px\" \/><\/p>\n<p><a href=\"http:\/\/www.arielarango.com\/criticas\/The%20International%20Review%20of%20Psycho%20Analisis.jpg\" target=\"blank\"><img decoding=\"async\" loading=\"lazy\" class=\"alignnone size-full wp-image-126\" src=\"http:\/\/www.arielarango.com\/wp-content\/uploads\/2011\/11\/The-International-Review-of-Psycho-Analisis.jpg\" alt=\"Review of &quot;Dirty Words&quot; in The International Review of Psycho-Analysis\" width=\"590\" height=\"834\" srcset=\"https:\/\/www.arielarango.com\/wp-content\/uploads\/2011\/11\/The-International-Review-of-Psycho-Analisis.jpg 590w, https:\/\/www.arielarango.com\/wp-content\/uploads\/2011\/11\/The-International-Review-of-Psycho-Analisis-212x300.jpg 212w\" sizes=\"(max-width: 590px) 100vw, 590px\" \/><\/a><\/p>\n<h5>Carta de Julio Mar\u00eda Sanguinetti dirigida personalmente a Ariel Arango<\/h5>\n<p><a href=\"http:\/\/www.arielarango.com\/criticas\/Carta%20de%20Julio%20Sanguinetti.jpg\" target=\"blank\"><img decoding=\"async\" loading=\"lazy\" class=\"alignnone size-full wp-image-192\" src=\"http:\/\/www.arielarango.com\/wp-content\/uploads\/2011\/11\/Carta-de-Julio-Sanguinetti1.jpg\" alt=\"Carta de Julio Mar\u00eda Sanguinetti, presidente de la Rep\u00fablica Oriental del Uruguay, a Ariel C. Arango, sobre su libro &quot;Las malas palabras&quot;\" width=\"590\" height=\"834\" srcset=\"https:\/\/www.arielarango.com\/wp-content\/uploads\/2011\/11\/Carta-de-Julio-Sanguinetti1.jpg 590w, https:\/\/www.arielarango.com\/wp-content\/uploads\/2011\/11\/Carta-de-Julio-Sanguinetti1-212x300.jpg 212w\" sizes=\"(max-width: 590px) 100vw, 590px\" \/><\/a><\/p>\n","protected":false},"excerpt":{"rendered":"<p>Esta secci\u00f3n recopila documental de algunas de las cr\u00edticas que a lo largo de estos a\u00f1os ha recibido la obra de Ariel Arango. The International Review of Psycho-Analisis Comentario sobre Dirty Words, la versi\u00f3n en idioma ingl\u00e9s de Las Malas Palabras. Carta de Julio Mar\u00eda Sanguinetti dirigida personalmente a Ariel Arango<\/p>\n","protected":false},"author":1,"featured_media":0,"parent":0,"menu_order":2,"comment_status":"open","ping_status":"open","template":"","meta":[],"_links":{"self":[{"href":"https:\/\/www.arielarango.com\/index.php?rest_route=\/wp\/v2\/pages\/111"}],"collection":[{"href":"https:\/\/www.arielarango.com\/index.php?rest_route=\/wp\/v2\/pages"}],"about":[{"href":"https:\/\/www.arielarango.com\/index.php?rest_route=\/wp\/v2\/types\/page"}],"author":[{"embeddable":true,"href":"https:\/\/www.arielarango.com\/index.php?rest_route=\/wp\/v2\/users\/1"}],"replies":[{"embeddable":true,"href":"https:\/\/www.arielarango.com\/index.php?rest_route=%2Fwp%2Fv2%2Fcomments&post=111"}],"version-history":[{"count":18,"href":"https:\/\/www.arielarango.com\/index.php?rest_route=\/wp\/v2\/pages\/111\/revisions"}],"predecessor-version":[{"id":308,"href":"https:\/\/www.arielarango.com\/index.php?rest_route=\/wp\/v2\/pages\/111\/revisions\/308"}],"wp:attachment":[{"href":"https:\/\/www.arielarango.com\/index.php?rest_route=%2Fwp%2Fv2%2Fmedia&parent=111"}],"curies":[{"name":"wp","href":"https:\/\/api.w.org\/{rel}","templated":true}]}}