{"id":14,"date":"2011-10-19T11:55:47","date_gmt":"2011-10-19T14:55:47","guid":{"rendered":"http:\/\/www.arielarango.com\/?page_id=14"},"modified":"2011-11-15T10:52:33","modified_gmt":"2011-11-15T13:52:33","slug":"conferencias","status":"publish","type":"page","link":"https:\/\/www.arielarango.com\/?page_id=14","title":{"rendered":"Conferencias"},"content":{"rendered":"<h5 style=\"text-align: justify;\">Ariel Arango, conferencia sobre \u00abLas malas palabras\u00bb<\/h5>\n<p><iframe loading=\"lazy\" src=\"http:\/\/player.vimeo.com\/video\/30098338?title=0&amp;byline=0&amp;portrait=0&amp;color=ff0179\" frameborder=\"0\" width=\"589\" height=\"390\"><\/iframe><\/p>\n<p style=\"text-align: justify;\">Conferencia moderada por Daniel Kuzniecka, quien actualmente representa la adaptaci\u00f3n para teatro del libro best seller de Ariel Arango \u00abLas malas palabras\u00bb. Lugar: el teatro Porte\u00f1o. Fecha: 18\/08\/2011.<\/p>\n<h5 style=\"text-align: justify;\">Ariel Arango presenta \u00abEl anillo funesto\u00bb<\/h5>\n<p style=\"text-align: justify;\"><iframe loading=\"lazy\" src=\"http:\/\/player.vimeo.com\/video\/31221805?title=0&amp;byline=0&amp;portrait=0&amp;color=ff0179\" frameborder=\"0\" width=\"590\" height=\"443\"><\/iframe><\/p>\n<p style=\"text-align: justify;\">Ariel C. Arango presenta \u00abEl anillo funesto\u00bb, primer libro de la trilog\u00eda \u00abDon Juan\u00bb. Completan dicha trilog\u00eda \u00abEl var\u00f3n castrado\u00bb y \u00abEl H\u00e9roe\u00bb. Lugar: Librer\u00eda Ameghino (Rosario). Fecha: 05\/11\/2009.\u00a0<\/p>\n<h5><span>Ariel Arango\u00a0presenta \u00abEl var\u00f3n castrado\u00bb Y \u00abEl H\u00e9roe\u00bb<\/span><\/h5>\n<p><iframe loading=\"lazy\" src=\"http:\/\/player.vimeo.com\/video\/30910671?title=0&amp;byline=0&amp;portrait=0&amp;color=ff0179\" frameborder=\"0\" width=\"589\" height=\"442\"><\/iframe><\/p>\n<p style=\"text-align: justify;\">Luego de presentar \u00abEl anillo funesto\u00bb, primer libro de la trilog\u00eda \u00abDon Juan\u00bb, Ariel C. Arango presenta \u00abEl var\u00f3n castrado\u00bb y \u00abEl H\u00e9roe\u00bb, segundo y tercer libro de la mencionada trilog\u00eda. Presenta adem\u00e1s la re-edici\u00f3n de \u00abLas malas palabras\u00bb, \u00abLos genitales y el destino\u00bb y \u00abLa madre voluptuosa\u00bb. Lugar: Librer\u00eda Ameghino (Rosario). Fecha: 18\/08\/2010.<\/p>\n","protected":false},"excerpt":{"rendered":"<p>Ariel Arango, conferencia sobre \u00abLas malas palabras\u00bb Conferencia moderada por Daniel Kuzniecka, quien actualmente representa la adaptaci\u00f3n para teatro del libro best seller de Ariel Arango \u00abLas malas palabras\u00bb. Lugar: el teatro Porte\u00f1o. Fecha: 18\/08\/2011. Ariel Arango presenta \u00abEl anillo funesto\u00bb Ariel C. Arango presenta \u00abEl anillo funesto\u00bb, primer libro de la trilog\u00eda \u00abDon Juan\u00bb. [&hellip;]<\/p>\n","protected":false},"author":1,"featured_media":0,"parent":0,"menu_order":3,"comment_status":"open","ping_status":"open","template":"","meta":[],"_links":{"self":[{"href":"https:\/\/www.arielarango.com\/index.php?rest_route=\/wp\/v2\/pages\/14"}],"collection":[{"href":"https:\/\/www.arielarango.com\/index.php?rest_route=\/wp\/v2\/pages"}],"about":[{"href":"https:\/\/www.arielarango.com\/index.php?rest_route=\/wp\/v2\/types\/page"}],"author":[{"embeddable":true,"href":"https:\/\/www.arielarango.com\/index.php?rest_route=\/wp\/v2\/users\/1"}],"replies":[{"embeddable":true,"href":"https:\/\/www.arielarango.com\/index.php?rest_route=%2Fwp%2Fv2%2Fcomments&post=14"}],"version-history":[{"count":24,"href":"https:\/\/www.arielarango.com\/index.php?rest_route=\/wp\/v2\/pages\/14\/revisions"}],"predecessor-version":[{"id":40,"href":"https:\/\/www.arielarango.com\/index.php?rest_route=\/wp\/v2\/pages\/14\/revisions\/40"}],"wp:attachment":[{"href":"https:\/\/www.arielarango.com\/index.php?rest_route=%2Fwp%2Fv2%2Fmedia&parent=14"}],"curies":[{"name":"wp","href":"https:\/\/api.w.org\/{rel}","templated":true}]}}