{"id":143,"date":"2011-11-10T19:40:17","date_gmt":"2011-11-10T22:40:17","guid":{"rendered":"http:\/\/www.arielarango.com\/?page_id=143"},"modified":"2016-12-15T15:03:00","modified_gmt":"2016-12-15T18:03:00","slug":"la-madre-voluptuosa","status":"publish","type":"page","link":"https:\/\/www.arielarango.com\/?page_id=143","title":{"rendered":"La madre voluptuosa"},"content":{"rendered":"<h5>S\u00f3lo ella ense\u00f1a a sus hijos a gozar del amor<\/h5>\n<p><img decoding=\"async\" loading=\"lazy\" class=\"alignnone size-full wp-image-261\" src=\"http:\/\/www.arielarango.com\/wp-content\/uploads\/2011\/11\/la-madre-voluptuosa1.jpg\" alt=\"Tapa de &quot;La madre voluptuosa&quot;\" width=\"300\" height=\"451\" srcset=\"https:\/\/www.arielarango.com\/wp-content\/uploads\/2011\/11\/la-madre-voluptuosa1.jpg 300w, https:\/\/www.arielarango.com\/wp-content\/uploads\/2011\/11\/la-madre-voluptuosa1-199x300.jpg 199w\" sizes=\"(max-width: 300px) 100vw, 300px\" \/><\/p>\n<p style=\"text-align: justify;\">Freud dice que existen varones cuya vida amorosa permanece disociada en dos direcciones personificadas por el arte entre el amor divino y el amor terrenal: si aman a una mujer no la desean y si la desean no pueden amarla.<\/p>\n<p style=\"text-align: justify;\">Ellos dividen a la hembra como dividen a su instinto; la que aman es la Madre Virgen, la que desean, la Madre Puta. Ignoran que el macho, \u00fanicamente, encuentra el amor genuino en la Madre Voluptuosa ya que s\u00f3lo en ella se funden, deliciosamente, la voluptuosidad y la ternura.<\/p>\n<p style=\"text-align: justify;\">La Madre Voluptuosa constituye un apasionante racconto de esta disociaci\u00f3n emocional en personajes tan ilustres como Plat\u00f3n, San Agust\u00edn, Dante, Petrarca, Miguel \u00c1ngel, Chateaubriand, Rousseau, Leonardo, Beethoven, Mahler.<\/p>\n<h6 style=\"text-align: justify;\">\u00cdndice del libro<\/h6>\n<p style=\"text-align: justify;\">Tab\u00fa y ambig\u00fcedad. Una antigua profesi\u00f3n. Madres v\u00edrgenes. La madre puta. Dos rostros y una mujer. La madre virgen y sus amantes. La dulce melancol\u00eda. El complejo de Mar\u00eda. El poder de una sonrisa.<\/p>\n<h5>Vista previa de \u00abLa madre voluptuosa\u00bb<\/h5>\n<p><a style=\"margin: 12px auto 6px auto; font-family: Helvetica,Arial,Sans-serif; font-style: normal; font-variant: normal; font-weight: normal; font-size: 14px; line-height: normal; font-size-adjust: none; font-stretch: normal; -x-system-font: none; display: block; text-decoration: underline;\" title=\"View La Madre Voluptuosa on Scribd\" href=\"http:\/\/www.scribd.com\/doc\/93260994\/La-Madre-Voluptuosa\">La Madre Voluptuosa<\/a><iframe loading=\"lazy\" id=\"doc_11623\" class=\"scribd_iframe_embed\" src=\"http:\/\/www.scribd.com\/embeds\/93260994\/content?start_page=1&amp;view_mode=scroll&amp;access_key=key-zcnynq6olghq2z1r62r\" width=\"590\" height=\"786\" frameborder=\"0\" scrolling=\"no\" data-auto-height=\"false\" data-aspect-ratio=\"0.666666666666667\"><\/iframe><\/p>\n<h5>Presentaci\u00f3n y costo de \u00abLa madre voluptuosa\u00bb<\/h5>\n<h5>ARGENTINA<\/h5>\n<p><strong>Encuadenaci\u00f3n en tapa blanda<br \/>\n<\/strong><strong>P\u00e1ginas:<\/strong> 120<br \/>\n<strong>Dimensiones (cm):<\/strong> 15.6 x 23.4<br \/>\n<strong>Tinta interior:<\/strong> blanco y negro<br \/>\n<strong>Costo:<\/strong> 320 pesos argentinos<\/p>\n<p><a href=\"https:\/\/www.mercadopago.com\/mla\/checkout\/pay?pref_id=161318525-6df5e586-ed4a-4ed1-b125-127cf51e2392\"><img decoding=\"async\" loading=\"lazy\" class=\"alignnone size-full wp-image-378\" src=\"http:\/\/www.arielarango.com\/wp-content\/uploads\/2011\/10\/botonargentina.jpg\" alt=\"botonargentina\" width=\"160\" height=\"68\" \/><\/a><br \/>\n<script>\/\/ <![CDATA[\n(function(){function $MPBR_load(){window.$MPBR_loaded !== true &#038;&#038; (function(){var s = document.createElement(\"script\");s.type = \"text\/javascript\";s.async = true;s.src = (\"https:\"==document.location.protocol?\"https:\/\/www.mercadopago.com\/org-img\/jsapi\/mptools\/buttons\/\":\"http:\/\/mp-tools.mlstatic.com\/buttons\/\")+\"render.js\";var x = document.getElementsByTagName('script')[0];x.parentNode.insertBefore(s, x);window.$MPBR_loaded = true;})();}window.$MPBR_loaded !== true ? (window.attachEvent ?window.attachEvent('onload', $MPBR_load) : window.addEventListener('load', $MPBR_load, false)) : null;})();\n\/\/ ]]><\/script><\/p>\n<h5>INTERNACIONAL<\/h5>\n<p><strong>Encuadenaci\u00f3n en tapa blanda<br \/>\n<\/strong><strong>P\u00e1ginas:<\/strong> 120<br \/>\n<strong>Dimensiones (cm):<\/strong> 15.6 x 23.4<br \/>\n<strong>Tinta interior:<\/strong> blanco y negro<br \/>\n<strong>Costo:<\/strong> 18.50 USD \/ 13.62 EUROS<\/p>\n<p><a href=\"http:\/\/www.lulu.com\/commerce\/index.php?fBuyContent=11962601\" target=\"blank\"><img decoding=\"async\" src=\"http:\/\/static.lulu.com\/images\/services\/buy_now_buttons\/es\/book_blue.gif?20111107144931\" alt=\"Comprar este libro en Lulu.com\" border=\"0\" \/><\/a><\/p>\n<p><strong>Encuadenaci\u00f3n en tapa dura<br \/>\n<\/strong><strong>P\u00e1ginas:<\/strong> 120<br \/>\n<strong>Dimensiones (cm):<\/strong> 15.2 x 22.9<br \/>\n<strong>Tinta interior:<\/strong> blanco y negro<br \/>\n<strong>Costo:<\/strong> 29.50 USD \/ 24.50 EUROS<\/p>\n<p><a href=\"http:\/\/www.lulu.com\/commerce\/index.php?fBuyContent=11962612\" target=\"blank\"><img decoding=\"async\" src=\"http:\/\/static.lulu.com\/images\/services\/buy_now_buttons\/es\/book_blue.gif?20111107144931\" alt=\"Comprar este libro en Lulu.com\" border=\"0\" \/><\/a><\/p>\n<h6>Sobre la distribuci\u00f3n y forma de pago de los libros de Ariel Arango<\/h6>\n<p style=\"text-align: justify;\"><img decoding=\"async\" loading=\"lazy\" class=\"alignnone size-full wp-image-213\" title=\"\" src=\"http:\/\/www.arielarango.com\/wp-content\/uploads\/2011\/10\/lulu-formas-de-pago.jpg\" alt=\"\" width=\"255\" height=\"31\" \/><\/p>\n<p style=\"text-align: justify;\">Ariel Arango ha elegido a la empresa internacional <strong>Lulu.com<\/strong> como la \u00fanica autorizada y encargada de distribuir y cobrar sus libros en todo el mundo. Una vez que Ud. hace click en uno de los botones <strong>\u00abComprar ahora Lulu.\u00bb<\/strong>, ser\u00e1 redireccionado al sitio web de <strong>Lulu.com<\/strong> donde podr\u00e1 seleccionar el costo y tipo de env\u00edo e indicar la direcci\u00f3n en la cual desea recibir los libros y elegir la modalidad de pago que le parezca m\u00e1s conveniente (tarjeta de cr\u00e9dito \/ d\u00e9bito <strong>VISA<\/strong>, <strong>MASTERCARD<\/strong>, <strong>AMERICAN EXPRESS<\/strong>, <strong>DISCOVER<\/strong> o fondos disponibles en <strong>Paypal.com<\/strong>). Completado este paso, los libros ser\u00e1n enviados al domicilio indicado por Ud. guardando relaci\u00f3n con el m\u00e9todo de env\u00edo que haya seleccionado.<\/p>\n","protected":false},"excerpt":{"rendered":"<p>S\u00f3lo ella ense\u00f1a a sus hijos a gozar del amor Freud dice que existen varones cuya vida amorosa permanece disociada en dos direcciones personificadas por el arte entre el amor divino y el amor terrenal: si aman a una mujer no la desean y si la desean no pueden amarla. Ellos dividen a la hembra [&hellip;]<\/p>\n","protected":false},"author":1,"featured_media":0,"parent":2,"menu_order":3,"comment_status":"open","ping_status":"open","template":"","meta":[],"_links":{"self":[{"href":"https:\/\/www.arielarango.com\/index.php?rest_route=\/wp\/v2\/pages\/143"}],"collection":[{"href":"https:\/\/www.arielarango.com\/index.php?rest_route=\/wp\/v2\/pages"}],"about":[{"href":"https:\/\/www.arielarango.com\/index.php?rest_route=\/wp\/v2\/types\/page"}],"author":[{"embeddable":true,"href":"https:\/\/www.arielarango.com\/index.php?rest_route=\/wp\/v2\/users\/1"}],"replies":[{"embeddable":true,"href":"https:\/\/www.arielarango.com\/index.php?rest_route=%2Fwp%2Fv2%2Fcomments&post=143"}],"version-history":[{"count":18,"href":"https:\/\/www.arielarango.com\/index.php?rest_route=\/wp\/v2\/pages\/143\/revisions"}],"predecessor-version":[{"id":406,"href":"https:\/\/www.arielarango.com\/index.php?rest_route=\/wp\/v2\/pages\/143\/revisions\/406"}],"up":[{"embeddable":true,"href":"https:\/\/www.arielarango.com\/index.php?rest_route=\/wp\/v2\/pages\/2"}],"wp:attachment":[{"href":"https:\/\/www.arielarango.com\/index.php?rest_route=%2Fwp%2Fv2%2Fmedia&parent=143"}],"curies":[{"name":"wp","href":"https:\/\/api.w.org\/{rel}","templated":true}]}}