{"id":148,"date":"2011-11-10T19:44:29","date_gmt":"2011-11-10T22:44:29","guid":{"rendered":"http:\/\/www.arielarango.com\/?page_id=148"},"modified":"2016-12-15T15:03:19","modified_gmt":"2016-12-15T18:03:19","slug":"los-genitales-y-el-destino","status":"publish","type":"page","link":"https:\/\/www.arielarango.com\/?page_id=148","title":{"rendered":"Los genitales y el Destino"},"content":{"rendered":"<h5>Macho y hembra, a cada uno lo suyo<\/h5>\n<p><img decoding=\"async\" loading=\"lazy\" class=\"alignnone size-full wp-image-149\" src=\"http:\/\/www.arielarango.com\/wp-content\/uploads\/2011\/11\/los-genitales-y-el-destino.jpg\" alt=\"Tapa de &quot;Los genitales y el Destino&quot;\" width=\"300\" height=\"451\" srcset=\"https:\/\/www.arielarango.com\/wp-content\/uploads\/2011\/11\/los-genitales-y-el-destino.jpg 300w, https:\/\/www.arielarango.com\/wp-content\/uploads\/2011\/11\/los-genitales-y-el-destino-199x300.jpg 199w\" sizes=\"(max-width: 300px) 100vw, 300px\" \/><\/p>\n<p style=\"text-align: justify;\">Freud dice que \u201cmodificando una conocida frase de Napole\u00f3n el Grande, pudiera decirse que la anatom\u00eda es el destino\u201d, y este libro profundiza esta idea demostrando como la pija y la concha, determinan, hasta en los rasgos m\u00e1s espirituales, la personalidad del macho y de la hembra.<\/p>\n<p style=\"text-align: justify;\">El autor, con prosa tan rotunda como cautivante, recorre el arte, la literatura y los mitos, Grecia y Roma, el Renacimiento y los pueblos primitivos, y nos muestra como, de la pija y la concha, surgen, inconscientemente, el af\u00e1n universal por la propiedad, las armas que se dise\u00f1an a su imagen, el genio brioso que impulsa a la conquista, los sentimientos de justicia y de misericordia, y las distintas formas de la inteligencia. La anatom\u00eda no constituye un mero accidente en la formaci\u00f3n del car\u00e1cter:<\/p>\n<p style=\"text-align: justify;\">\u201cEs mucho m\u00e1s que eso \u00a1Es el instinto hecho carne! En el cuerpo se muestra sin velos su designio, su voluntad m\u00e1s honda y su prop\u00f3sito exclusivo. La pija y la concha constituyen la manifestaci\u00f3n visible del deseo. A trav\u00e9s de sus formas se expresa el alma de la especie. Los genitales no son s\u00f3lo el origen, sino la causa de todo. Por eso son un Destino.\u201d<\/p>\n<h6 style=\"text-align: justify;\">\u00cdndice del libro<\/h6>\n<p style=\"text-align: justify;\">Anatom\u00eda y destino. Madre Tierra. La espada y la vaina. Vehemencia y uni\u00f3n. Calor de nido. El cuerpo y sus velos. La ley. La honestidad y el honor. Intuici\u00f3n y audacia. La voluntad de vivir.<\/p>\n<h5>Vista previo \u00abLos genitales y el Destino\u00bb<\/h5>\n<p><a style=\"margin: 12px auto 6px auto; font-family: Helvetica,Arial,Sans-serif; font-style: normal; font-variant: normal; font-weight: normal; font-size: 14px; line-height: normal; font-size-adjust: none; font-stretch: normal; -x-system-font: none; display: block; text-decoration: underline;\" title=\"View Los Genitales y El Destino on Scribd\" href=\"http:\/\/www.scribd.com\/doc\/93261384\/Los-Genitales-y-El-Destino\">Los Genitales y El Destino<\/a><iframe loading=\"lazy\" id=\"doc_41303\" class=\"scribd_iframe_embed\" src=\"http:\/\/www.scribd.com\/embeds\/93261384\/content?start_page=1&amp;view_mode=scroll&amp;access_key=key-bi16n6mlqk1ju3bgoxc\" width=\"590\" height=\"786\" frameborder=\"0\" scrolling=\"no\" data-auto-height=\"false\" data-aspect-ratio=\"0.666666666666667\"><\/iframe><\/p>\n<h5>Presentaci\u00f3n y costo de \u00abLos genitales y el Destino\u00bb<\/h5>\n<h5>ARGENTINA<\/h5>\n<p><strong>Encuadenaci\u00f3n en tapa blanda<br \/>\n<\/strong><strong>P\u00e1ginas:<\/strong> 212<br \/>\n<strong>Dimensiones (cm):<\/strong> 15.6 x 23.4<br \/>\n<strong>Tinta interior:<\/strong> blanco y negro<br \/>\n<strong>Costo:<\/strong> 450 pesos argentinos<\/p>\n<p><a href=\"https:\/\/www.mercadopago.com\/mla\/checkout\/pay?pref_id=161318525-ca0f80e8-9f61-4086-8bfa-0ba0d98450fb\"><img decoding=\"async\" loading=\"lazy\" class=\"alignnone size-full wp-image-378\" src=\"http:\/\/www.arielarango.com\/wp-content\/uploads\/2011\/10\/botonargentina.jpg\" alt=\"botonargentina\" width=\"160\" height=\"68\" \/><\/a><br \/>\n<script>\/\/ <![CDATA[\n(function(){function $MPBR_load(){window.$MPBR_loaded !== true &#038;&#038; (function(){var s = document.createElement(\"script\");s.type = \"text\/javascript\";s.async = true;s.src = (\"https:\"==document.location.protocol?\"https:\/\/www.mercadopago.com\/org-img\/jsapi\/mptools\/buttons\/\":\"http:\/\/mp-tools.mlstatic.com\/buttons\/\")+\"render.js\";var x = document.getElementsByTagName('script')[0];x.parentNode.insertBefore(s, x);window.$MPBR_loaded = true;})();}window.$MPBR_loaded !== true ? (window.attachEvent ?window.attachEvent('onload', $MPBR_load) : window.addEventListener('load', $MPBR_load, false)) : null;})();\n\/\/ ]]><\/script><\/p>\n<h5>INTERNACIONAL<\/h5>\n<p><strong>Encuadenaci\u00f3n en tapa blanda<br \/>\n<\/strong><strong>P\u00e1ginas:<\/strong> 212<br \/>\n<strong>Dimensiones (cm):<\/strong> 15.6 x 23.4<br \/>\n<strong>Tinta interior:<\/strong> blanco y negro<br \/>\n<strong>Costo:<\/strong> 19.50 USD \/ 14.35 EUROS<\/p>\n<p><a href=\"https:\/\/www.lulu.com\/commerce\/index.php?fBuyProduct=18667623\" target=\"blank\"><img decoding=\"async\" src=\"http:\/\/static.lulu.com\/images\/services\/buy_now_buttons\/es\/book_blue.gif?20111107144931\" alt=\"Comprar este libro en Lulu.com\" border=\"0\" \/><\/a><\/p>\n<p><strong>Encuadenaci\u00f3n en tapa dura<br \/>\n<\/strong><strong>P\u00e1ginas:<\/strong> 212<br \/>\n<strong>Dimensiones (cm):<\/strong> 15.2 x 22.9<br \/>\n<strong>Tinta interior:<\/strong> blanco y negro<br \/>\n<strong>Costo:<\/strong>\u00a034.50 USD \/ 28.50 EUROS<\/p>\n<p><a href=\"https:\/\/www.lulu.com\/commerce\/index.php?fBuyProduct=18667627\" target=\"blank\"><img decoding=\"async\" src=\"http:\/\/static.lulu.com\/images\/services\/buy_now_buttons\/es\/book_blue.gif?20111107144931\" alt=\"Comprar este libro en Lulu.com\" border=\"0\" \/><\/a><\/p>\n<h6>Sobre la distribuci\u00f3n y forma de pago de los libros de Ariel Arango<\/h6>\n<p style=\"text-align: justify;\"><img decoding=\"async\" loading=\"lazy\" class=\"alignnone size-full wp-image-213\" title=\"\" src=\"http:\/\/www.arielarango.com\/wp-content\/uploads\/2011\/10\/lulu-formas-de-pago.jpg\" alt=\"\" width=\"255\" height=\"31\" \/><\/p>\n<p style=\"text-align: justify;\">Ariel Arango ha elegido a la empresa internacional <strong>Lulu.com<\/strong> como la \u00fanica autorizada y encargada de distribuir y cobrar sus libros en todo el mundo. Una vez que Ud. hace click en uno de los botones <strong>\u00abComprar ahora Lulu.\u00bb<\/strong>, ser\u00e1 redireccionado al sitio web de <strong>Lulu.com<\/strong> donde podr\u00e1 seleccionar el costo y tipo de env\u00edo e indicar la direcci\u00f3n en la cual desea recibir los libros y elegir la modalidad de pago que le parezca m\u00e1s conveniente (tarjeta de cr\u00e9dito \/ d\u00e9bito <strong>VISA<\/strong>, <strong>MASTERCARD<\/strong>, <strong>AMERICAN EXPRESS<\/strong>, <strong>DISCOVER<\/strong> o fondos disponibles en <strong>Paypal.com<\/strong>). Completado este paso, los libros ser\u00e1n enviados al domicilio indicado por Ud. guardando relaci\u00f3n con el m\u00e9todo de env\u00edo que haya seleccionado.<\/p>\n","protected":false},"excerpt":{"rendered":"<p>Macho y hembra, a cada uno lo suyo Freud dice que \u201cmodificando una conocida frase de Napole\u00f3n el Grande, pudiera decirse que la anatom\u00eda es el destino\u201d, y este libro profundiza esta idea demostrando como la pija y la concha, determinan, hasta en los rasgos m\u00e1s espirituales, la personalidad del macho y de la hembra. [&hellip;]<\/p>\n","protected":false},"author":1,"featured_media":0,"parent":2,"menu_order":4,"comment_status":"open","ping_status":"open","template":"","meta":[],"_links":{"self":[{"href":"https:\/\/www.arielarango.com\/index.php?rest_route=\/wp\/v2\/pages\/148"}],"collection":[{"href":"https:\/\/www.arielarango.com\/index.php?rest_route=\/wp\/v2\/pages"}],"about":[{"href":"https:\/\/www.arielarango.com\/index.php?rest_route=\/wp\/v2\/types\/page"}],"author":[{"embeddable":true,"href":"https:\/\/www.arielarango.com\/index.php?rest_route=\/wp\/v2\/users\/1"}],"replies":[{"embeddable":true,"href":"https:\/\/www.arielarango.com\/index.php?rest_route=%2Fwp%2Fv2%2Fcomments&post=148"}],"version-history":[{"count":18,"href":"https:\/\/www.arielarango.com\/index.php?rest_route=\/wp\/v2\/pages\/148\/revisions"}],"predecessor-version":[{"id":407,"href":"https:\/\/www.arielarango.com\/index.php?rest_route=\/wp\/v2\/pages\/148\/revisions\/407"}],"up":[{"embeddable":true,"href":"https:\/\/www.arielarango.com\/index.php?rest_route=\/wp\/v2\/pages\/2"}],"wp:attachment":[{"href":"https:\/\/www.arielarango.com\/index.php?rest_route=%2Fwp%2Fv2%2Fmedia&parent=148"}],"curies":[{"name":"wp","href":"https:\/\/api.w.org\/{rel}","templated":true}]}}