{"id":151,"date":"2011-11-11T12:28:21","date_gmt":"2011-11-11T15:28:21","guid":{"rendered":"http:\/\/www.arielarango.com\/?page_id=151"},"modified":"2016-12-15T15:03:45","modified_gmt":"2016-12-15T18:03:45","slug":"don-juan-el-anillo-funesto","status":"publish","type":"page","link":"https:\/\/www.arielarango.com\/?page_id=151","title":{"rendered":"Don Juan. El anillo funesto"},"content":{"rendered":"<h5>Matrimonio: un ritual que desinfla el deseo<\/h5>\n<h6><img decoding=\"async\" loading=\"lazy\" class=\"alignnone size-full wp-image-264\" src=\"http:\/\/www.arielarango.com\/wp-content\/uploads\/2011\/11\/el-anillo-funesto1.jpg\" alt=\"Tapa de &quot;Don Juan. El anillo funesto&quot;\" width=\"300\" height=\"451\" srcset=\"https:\/\/www.arielarango.com\/wp-content\/uploads\/2011\/11\/el-anillo-funesto1.jpg 300w, https:\/\/www.arielarango.com\/wp-content\/uploads\/2011\/11\/el-anillo-funesto1-199x300.jpg 199w\" sizes=\"(max-width: 300px) 100vw, 300px\" \/><\/h6>\n<h6 style=\"text-align: justify;\">Primer libro de la trilog\u00eda \u00abDon Juan\u00bb y que\u00a0se incluye adem\u00e1s como\u00a0la primera parte de \u00abDon Juan. Psicoan\u00e1lisis del matrimonio\u00bb<\/h6>\n<p style=\"text-align: justify;\">El Matrimonio es un ritual de iniciaci\u00f3n. El mismo fat\u00eddico ceremonial que el de los pueblos primitivos: un ritual de circuncisi\u00f3n.<br \/>\nFreud dice que quienes se casan no sospechan cu\u00e1ntos renunciamientos trae consigo el matrimonio ni a lo que queda reducida la felicidad conyugal tan apasionadamente deseada.<br \/>\nEl var\u00f3n sometido al ritual del matrimonio (y es de \u00e9l de quien se habla en esta historia) debe llevar, para siempre un anillo en el dedo. Es la se\u00f1al de la renuncia, con la aceptaci\u00f3n de la monogamia, a su libertad instintiva. El anillo es un emblema de la castraci\u00f3n y, por eso, funesto.<br \/>\nDon Juan no se lo puso jam\u00e1s.<\/p>\n<h6 style=\"text-align: justify;\">\u00cdndice del libro<\/h6>\n<p style=\"text-align: justify;\">Una intrusi\u00f3n odiosa. El deseo atrapado. El ritual. Pecado y redenci\u00f3n. El eterno salvaje. La marca del esclavo. Simbolismos. El dedo enfermo. El anillo funesto. Final sombr\u00edo.<\/p>\n<h5>Vista previa de \u00abDon Juan. El anillo funesto\u00bb<\/h5>\n<p><a style=\"margin: 12px auto 6px auto; font-family: Helvetica,Arial,Sans-serif; font-style: normal; font-variant: normal; font-weight: normal; font-size: 14px; line-height: normal; font-size-adjust: none; font-stretch: normal; -x-system-font: none; display: block; text-decoration: underline;\" title=\"View El anillo funesto on Scribd\" href=\"http:\/\/www.scribd.com\/doc\/93260928\/El-anillo-funesto\">El anillo funesto<\/a><iframe loading=\"lazy\" id=\"doc_84189\" class=\"scribd_iframe_embed\" src=\"http:\/\/www.scribd.com\/embeds\/93260928\/content?start_page=1&amp;view_mode=scroll&amp;access_key=key-1fseap6zn6lqkwfquh5e\" width=\"590\" height=\"786\" frameborder=\"0\" scrolling=\"no\" data-auto-height=\"false\" data-aspect-ratio=\"0.666666666666667\"><\/iframe><\/p>\n<h5>Presentaci\u00f3n y costo de \u00abDon Juan. El anillo funesto\u00bb<\/h5>\n<h5>ARGENTINA<\/h5>\n<p><strong>Encuadenaci\u00f3n en tapa blanda<br \/>\n<\/strong><strong>P\u00e1ginas:<\/strong> 154<br \/>\n<strong>Dimensiones (cm):<\/strong> 15.6 x 23.4<br \/>\n<strong>Tinta interior:<\/strong> blanco y negro<br \/>\n<strong>Costo:<\/strong> 360 pesos argentinos<\/p>\n<p><a href=\"https:\/\/www.mercadopago.com\/mla\/checkout\/pay?pref_id=161318525-1fa3fe68-3f0e-4a20-bcf7-c5590cbc41e2\"><img decoding=\"async\" loading=\"lazy\" class=\"alignnone size-full wp-image-378\" src=\"http:\/\/www.arielarango.com\/wp-content\/uploads\/2011\/10\/botonargentina.jpg\" alt=\"botonargentina\" width=\"160\" height=\"68\" \/><\/a><br \/>\n<script>\/\/ <![CDATA[\n(function(){function $MPBR_load(){window.$MPBR_loaded !== true &#038;&#038; (function(){var s = document.createElement(\"script\");s.type = \"text\/javascript\";s.async = true;s.src = (\"https:\"==document.location.protocol?\"https:\/\/www.mercadopago.com\/org-img\/jsapi\/mptools\/buttons\/\":\"http:\/\/mp-tools.mlstatic.com\/buttons\/\")+\"render.js\";var x = document.getElementsByTagName('script')[0];x.parentNode.insertBefore(s, x);window.$MPBR_loaded = true;})();}window.$MPBR_loaded !== true ? (window.attachEvent ?window.attachEvent('onload', $MPBR_load) : window.addEventListener('load', $MPBR_load, false)) : null;})();\n\/\/ ]]><\/script><\/p>\n<h5>INTERNACIONAL<\/h5>\n<p><strong>Encuadenaci\u00f3n en tapa blanda<br \/>\n<\/strong><strong>P\u00e1ginas:<\/strong> 154<br \/>\n<strong>Dimensiones (cm):<\/strong> 15.6 x 23.4<br \/>\n<strong>Tinta interior:<\/strong> blanco y negro<br \/>\n<strong>Costo:<\/strong> 15 USD \/\u00a012 EUROS<\/p>\n<p><a href=\"https:\/\/www.lulu.com\/commerce\/index.php?fBuyProduct=18667500\" target=\"blank\"><img decoding=\"async\" src=\"http:\/\/static.lulu.com\/images\/services\/buy_now_buttons\/es\/book_blue.gif?20111107144931\" alt=\"Comprar este libro en Lulu.com\" border=\"0\" \/><\/a><\/p>\n<p><strong>Encuadenaci\u00f3n en tapa dura<br \/>\n<\/strong><strong>P\u00e1ginas:<\/strong> 154<br \/>\n<strong>Dimensiones (cm):<\/strong> 15.2 x 22.9<br \/>\n<strong>Tinta interior:<\/strong> blanco y negro<br \/>\n<strong>Costo:<\/strong> 28.50 USD \/ 23.63 EUROS<\/p>\n<p><a href=\"https:\/\/www.lulu.com\/commerce\/index.php?fBuyProduct=18667505\" target=\"blank\"><img decoding=\"async\" src=\"http:\/\/static.lulu.com\/images\/services\/buy_now_buttons\/es\/book_blue.gif?20111107144931\" alt=\"Comprar este libro en Lulu.com\" border=\"0\" \/><\/a><\/p>\n<h6>Sobre la distribuci\u00f3n y forma de pago de los libros de Ariel Arango<\/h6>\n<p style=\"text-align: justify;\"><img decoding=\"async\" loading=\"lazy\" class=\"alignnone size-full wp-image-213\" title=\"\" src=\"http:\/\/www.arielarango.com\/wp-content\/uploads\/2011\/10\/lulu-formas-de-pago.jpg\" alt=\"\" width=\"255\" height=\"31\" \/><\/p>\n<p style=\"text-align: justify;\">Ariel Arango ha elegido a la empresa internacional <strong>Lulu.com<\/strong> como la \u00fanica autorizada y encargada de distribuir y cobrar sus libros en todo el mundo. Una vez que Ud. hace click en uno de los botones <strong>\u00abComprar ahora Lulu.\u00bb<\/strong>, ser\u00e1 redireccionado al sitio web de <strong>Lulu.com<\/strong> donde podr\u00e1 seleccionar el costo y tipo de env\u00edo e indicar la direcci\u00f3n en la cual desea recibir los libros y elegir la modalidad de pago que le parezca m\u00e1s conveniente (tarjeta de cr\u00e9dito \/ d\u00e9bito <strong>VISA<\/strong>, <strong>MASTERCARD<\/strong>, <strong>AMERICAN EXPRESS<\/strong>, <strong>DISCOVER<\/strong> o fondos disponibles en <strong>Paypal.com<\/strong>). Completado este paso, los libros ser\u00e1n enviados al domicilio indicado por Ud. guardando relaci\u00f3n con el m\u00e9todo de env\u00edo que haya seleccionado.<\/p>\n<h5 style=\"text-align: justify;\">Ariel Arango presenta \u00abEl anillo funesto\u00bb<\/h5>\n<p style=\"text-align: justify;\"><iframe loading=\"lazy\" src=\"http:\/\/player.vimeo.com\/video\/31221805?title=0&amp;byline=0&amp;portrait=0&amp;color=ff0179\" width=\"590\" height=\"443\" frameborder=\"0\"><\/iframe><\/p>\n<p style=\"text-align: justify;\">Ariel C. Arango presenta \u00abEl anillo funesto\u00bb, primer libro de la trilog\u00eda \u00abDon Juan\u00bb. Completan dicha trilog\u00eda \u00abEl var\u00f3n castrado\u00bb y \u00abEl H\u00e9roe\u00bb. Lugar: Librer\u00eda Ameghino (Rosario). Fecha: 05\/11\/2009.<\/p>\n","protected":false},"excerpt":{"rendered":"<p>Matrimonio: un ritual que desinfla el deseo Primer libro de la trilog\u00eda \u00abDon Juan\u00bb y que\u00a0se incluye adem\u00e1s como\u00a0la primera parte de \u00abDon Juan. Psicoan\u00e1lisis del matrimonio\u00bb El Matrimonio es un ritual de iniciaci\u00f3n. El mismo fat\u00eddico ceremonial que el de los pueblos primitivos: un ritual de circuncisi\u00f3n. Freud dice que quienes se casan no [&hellip;]<\/p>\n","protected":false},"author":1,"featured_media":0,"parent":2,"menu_order":5,"comment_status":"open","ping_status":"open","template":"","meta":[],"_links":{"self":[{"href":"https:\/\/www.arielarango.com\/index.php?rest_route=\/wp\/v2\/pages\/151"}],"collection":[{"href":"https:\/\/www.arielarango.com\/index.php?rest_route=\/wp\/v2\/pages"}],"about":[{"href":"https:\/\/www.arielarango.com\/index.php?rest_route=\/wp\/v2\/types\/page"}],"author":[{"embeddable":true,"href":"https:\/\/www.arielarango.com\/index.php?rest_route=\/wp\/v2\/users\/1"}],"replies":[{"embeddable":true,"href":"https:\/\/www.arielarango.com\/index.php?rest_route=%2Fwp%2Fv2%2Fcomments&post=151"}],"version-history":[{"count":22,"href":"https:\/\/www.arielarango.com\/index.php?rest_route=\/wp\/v2\/pages\/151\/revisions"}],"predecessor-version":[{"id":408,"href":"https:\/\/www.arielarango.com\/index.php?rest_route=\/wp\/v2\/pages\/151\/revisions\/408"}],"up":[{"embeddable":true,"href":"https:\/\/www.arielarango.com\/index.php?rest_route=\/wp\/v2\/pages\/2"}],"wp:attachment":[{"href":"https:\/\/www.arielarango.com\/index.php?rest_route=%2Fwp%2Fv2%2Fmedia&parent=151"}],"curies":[{"name":"wp","href":"https:\/\/api.w.org\/{rel}","templated":true}]}}