{"id":16,"date":"2011-10-19T11:56:37","date_gmt":"2011-10-19T14:56:37","guid":{"rendered":"http:\/\/www.arielarango.com\/?page_id=16"},"modified":"2022-07-29T16:20:30","modified_gmt":"2022-07-29T19:20:30","slug":"multimedia","status":"publish","type":"page","link":"https:\/\/www.arielarango.com\/?page_id=16","title":{"rendered":"Multimedia"},"content":{"rendered":"<p style=\"text-align: justify;\">Esta secci\u00f3n recopila algunos videos de apariciones televisivas de Ariel Arango, as\u00ed como tambi\u00e9n otros contenidos que tienen relaci\u00f3n directa con la obra del autor.<\/p>\n<h5>Ariel Arango habla sobre Freud, Caravaggio, Leonardo y la Homosexualidad<\/h5>\n<p><iframe loading=\"lazy\" title=\"YouTube video player\" src=\"https:\/\/www.youtube.com\/embed\/ca7Cj8LWbFw\" width=\"560\" height=\"315\" frameborder=\"0\" allowfullscreen=\"allowfullscreen\"><\/iframe><\/p>\n<h5>Ariel Arango habla sobre Las Malas Palabras y la homosexualidad<\/h5>\n<p><iframe loading=\"lazy\" src=\"https:\/\/player.vimeo.com\/video\/704686310?h=b6fc94c4d5\" width=\"590\" height=\"455\" frameborder=\"0\" allowfullscreen=\"allowfullscreen\"><\/iframe><\/p>\n<p style=\"text-align: justify;\">Entrevista en El Boliche de Berl\u00e9n para TVR. Rosario, 2022.<\/p>\n<h5>La sexualidad en el f\u00fatbol<\/h5>\n<p><iframe loading=\"lazy\" src=\"http:\/\/player.vimeo.com\/video\/31395908?title=0&amp;byline=0&amp;portrait=0&amp;color=ff0179\" width=\"590\" height=\"455\" frameborder=\"0\"><\/iframe><\/p>\n<p style=\"text-align: justify;\">Ariel Arango expone sobre \u00abLa sexualidad en el f\u00fatbol\u00bb como invitado en el programa \u00abFutbol sin trampa\u00bb, conducido por el periodista Alberto Yorlano que se emite los domingos por canal 5 de la ciudad de rosario. Fecha: 16\/10\/2011.<\/p>\n<h5 style=\"text-align: justify;\">Las malas palabras en \u00abDuro de Domar\u00bb<\/h5>\n<p style=\"text-align: justify;\"><iframe loading=\"lazy\" src=\"http:\/\/player.vimeo.com\/video\/31238572?title=0&amp;byline=0&amp;portrait=0&amp;color=ff0179\" width=\"589\" height=\"442\" frameborder=\"0\"><\/iframe><\/p>\n<p style=\"text-align: justify;\">Sketch aparecido en \u00abDuro de domar\u00bb, inspirado en Las Malas Palabras, Virtudes Terap\u00e9uticas de la Obscenidad\u201d adaptaci\u00f3n para teatro realizada por el actor Daniel Kuzniecka del libro best seller \u201cLas Malas Palabras, Virtudes de la Obscenidad\u201d del psicoanalista Ariel Arango.<\/p>\n<h5>\u00abLas malas palabras\u00bb y su adaptaci\u00f3n para teatro<\/h5>\n<p style=\"text-align: justify;\"><iframe loading=\"lazy\" src=\"http:\/\/player.vimeo.com\/video\/31236759?title=0&amp;byline=0&amp;portrait=0&amp;color=ff0179\" width=\"590\" height=\"391\" frameborder=\"0\"><\/iframe><\/p>\n<p style=\"text-align: justify;\">Las Malas Palabras, Virtudes Terap\u00e9uticas de la Obscenidad\u00bb es una adaptaci\u00f3n para teatro realizada por el actor Daniel Kuzniecka del libro best seller \u00abLas Malas Palabras, Virtudes de la Obscenidad\u00bb del psicoanalista Ariel Arango. Kuzniecka desarroll\u00f3 la adaptaci\u00f3n a modo de formato de conferencia did\u00e1ctica, respaldada con im\u00e1genes y teor\u00edas freudianas, pero no exenta de picard\u00eda.<\/p>\n<p style=\"text-align: justify;\">Para conocer m\u00e1s sobre la obra realizada por Daniel Kuzniecka visite el sitio de internet <a title=\"Las malas palabras por Daniel Kuzniecka\" href=\"http:\/\/www.lasmalaspalabras.com.ar\/\" target=\"_blank\">lasmalaspalabras.com.ar<\/a><\/p>\n","protected":false},"excerpt":{"rendered":"<p>Esta secci\u00f3n recopila algunos videos de apariciones televisivas de Ariel Arango, as\u00ed como tambi\u00e9n otros contenidos que tienen relaci\u00f3n directa con la obra del autor. Ariel Arango habla sobre Freud, Caravaggio, Leonardo y la Homosexualidad Ariel Arango habla sobre Las Malas Palabras y la homosexualidad Entrevista en El Boliche de Berl\u00e9n para TVR. Rosario, 2022. [&hellip;]<\/p>\n","protected":false},"author":1,"featured_media":0,"parent":0,"menu_order":4,"comment_status":"open","ping_status":"open","template":"","meta":[],"_links":{"self":[{"href":"https:\/\/www.arielarango.com\/index.php?rest_route=\/wp\/v2\/pages\/16"}],"collection":[{"href":"https:\/\/www.arielarango.com\/index.php?rest_route=\/wp\/v2\/pages"}],"about":[{"href":"https:\/\/www.arielarango.com\/index.php?rest_route=\/wp\/v2\/types\/page"}],"author":[{"embeddable":true,"href":"https:\/\/www.arielarango.com\/index.php?rest_route=\/wp\/v2\/users\/1"}],"replies":[{"embeddable":true,"href":"https:\/\/www.arielarango.com\/index.php?rest_route=%2Fwp%2Fv2%2Fcomments&post=16"}],"version-history":[{"count":7,"href":"https:\/\/www.arielarango.com\/index.php?rest_route=\/wp\/v2\/pages\/16\/revisions"}],"predecessor-version":[{"id":418,"href":"https:\/\/www.arielarango.com\/index.php?rest_route=\/wp\/v2\/pages\/16\/revisions\/418"}],"wp:attachment":[{"href":"https:\/\/www.arielarango.com\/index.php?rest_route=%2Fwp%2Fv2%2Fmedia&parent=16"}],"curies":[{"name":"wp","href":"https:\/\/api.w.org\/{rel}","templated":true}]}}