{"id":171,"date":"2011-11-11T16:26:33","date_gmt":"2011-11-11T19:26:33","guid":{"rendered":"http:\/\/www.arielarango.com\/?page_id=171"},"modified":"2016-12-15T15:05:24","modified_gmt":"2016-12-15T18:05:24","slug":"don-juan-el-heroe","status":"publish","type":"page","link":"https:\/\/www.arielarango.com\/?page_id=171","title":{"rendered":"Don Juan. El H\u00e9roe"},"content":{"rendered":"<h5>Matrimonio: un ritual que desinfla el deseo<\/h5>\n<p><img decoding=\"async\" loading=\"lazy\" class=\"alignnone size-full wp-image-269\" src=\"http:\/\/www.arielarango.com\/wp-content\/uploads\/2011\/11\/el-heroe1.jpg\" alt=\"Tapa de &quot;Don Juan. El H\u00e9roe&quot;\" width=\"300\" height=\"451\" srcset=\"https:\/\/www.arielarango.com\/wp-content\/uploads\/2011\/11\/el-heroe1.jpg 300w, https:\/\/www.arielarango.com\/wp-content\/uploads\/2011\/11\/el-heroe1-199x300.jpg 199w\" sizes=\"(max-width: 300px) 100vw, 300px\" \/><\/p>\n<h6 style=\"text-align: justify;\">Tercer\u00a0libro de la trilog\u00eda \u00abDon Juan\u00bb y que se incluye adem\u00e1s como la\u00a0tercera parte de \u00abDon Juan. Psicoan\u00e1lisis del matrimonio\u00bb<\/h6>\n<p style=\"text-align: justify;\">Freud dice que un h\u00e9roe es quien se ha levantado valientemente contra su padre, terminando por vencerlo. Y por eso Don Juan, que lo era, nunca se someti\u00f3 al humillante ritual del matrimonio y nunca se puso el anillo funesto en el dedo. \u00c9l, con viril arrogancia, rechaz\u00f3 siempre la circuncisi\u00f3n.<br \/>\nDon Juan, vivi\u00f3 intr\u00e9pidamente, fue un alegre gustador de mujeres, irradi\u00f3 su vitalidad y buen humor, y culmin\u00f3 su vida\u2026 \u00a1con la espada invicta y con la pija intacta!<br \/>\nFue el h\u00e9roe tr\u00e1gico sin parang\u00f3n.<\/p>\n<h6 style=\"text-align: justify;\">\u00cdndice del libro<\/h6>\n<p style=\"text-align: justify;\">El burlador de Espa\u00f1a. Promiscuidad. Echando piropos. Una valiente espada. El conquistador. Un hidalgo espa\u00f1ol. El uno y el otro. El pornoshow. Elogio de la libertad. Final heroico.<\/p>\n<h5 style=\"text-align: justify;\">Vista previa de \u00abDon Juan. El H\u00e9roe\u00bb<\/h5>\n<p><a style=\"margin: 12px auto 6px auto; font-family: Helvetica,Arial,Sans-serif; font-style: normal; font-variant: normal; font-weight: normal; font-size: 14px; line-height: normal; font-size-adjust: none; font-stretch: normal; -x-system-font: none; display: block; text-decoration: underline;\" title=\"View El Heroe on Scribd\" href=\"http:\/\/www.scribd.com\/doc\/93260953\/El-Heroe\">El Heroe<\/a><iframe loading=\"lazy\" id=\"doc_96938\" class=\"scribd_iframe_embed\" src=\"http:\/\/www.scribd.com\/embeds\/93260953\/content?start_page=1&amp;view_mode=scroll&amp;access_key=key-2hx7o1bfpyxp8v6rrcd\" width=\"590\" height=\"786\" frameborder=\"0\" scrolling=\"no\" data-auto-height=\"false\" data-aspect-ratio=\"0.666666666666667\"><\/iframe><\/p>\n<h5 style=\"text-align: justify;\">Presentaci\u00f3n y costo de \u00abDon Juan. El H\u00e9roe\u00bb<\/h5>\n<h5>ARGENTINA<\/h5>\n<p><strong>Encuadenaci\u00f3n en tapa blanda<br \/>\n<\/strong><strong>P\u00e1ginas:<\/strong> 180<br \/>\n<strong>Dimensiones (cm):<\/strong> 15.6 x 23.4<br \/>\n<strong>Tinta interior:<\/strong> blanco y negro<br \/>\n<strong>Costo:<\/strong> 390 pesos argentinos<\/p>\n<p><a href=\"https:\/\/www.mercadopago.com\/mla\/checkout\/pay?pref_id=161318525-4cf53074-275c-4338-80df-bd1bb7e7572b\"><img decoding=\"async\" loading=\"lazy\" class=\"alignnone size-full wp-image-378\" src=\"http:\/\/www.arielarango.com\/wp-content\/uploads\/2011\/10\/botonargentina.jpg\" alt=\"botonargentina\" width=\"160\" height=\"68\" \/><\/a><br \/>\n<script>\/\/ <![CDATA[\n(function(){function $MPBR_load(){window.$MPBR_loaded !== true &#038;&#038; (function(){var s = document.createElement(\"script\");s.type = \"text\/javascript\";s.async = true;s.src = (\"https:\"==document.location.protocol?\"https:\/\/www.mercadopago.com\/org-img\/jsapi\/mptools\/buttons\/\":\"http:\/\/mp-tools.mlstatic.com\/buttons\/\")+\"render.js\";var x = document.getElementsByTagName('script')[0];x.parentNode.insertBefore(s, x);window.$MPBR_loaded = true;})();}window.$MPBR_loaded !== true ? (window.attachEvent ?window.attachEvent('onload', $MPBR_load) : window.addEventListener('load', $MPBR_load, false)) : null;})();\n\/\/ ]]><\/script><\/p>\n<h5>INTERNACIONAL<\/h5>\n<p><strong>Encuadenaci\u00f3n en tapa blanda<br \/>\n<\/strong><strong>P\u00e1ginas:<\/strong> 180<br \/>\n<strong>Dimensiones (cm):<\/strong> 15.6 x 23.4<br \/>\n<strong>Tinta interior:<\/strong> blanco y negro<br \/>\n<strong>Costo:<\/strong> 15 USD \/ 11.95 EUROS<\/p>\n<p><a href=\"https:\/\/www.lulu.com\/commerce\/index.php?fBuyProduct=18667593\" target=\"blank\"><img decoding=\"async\" src=\"http:\/\/static.lulu.com\/images\/services\/buy_now_buttons\/es\/book_blue.gif?20111107144931\" alt=\"Comprar este libro en Lulu.com\" border=\"0\" \/><\/a><\/p>\n<p><strong>Encuadenaci\u00f3n en tapa dura<br \/>\n<\/strong><strong>P\u00e1ginas:<\/strong> 460<br \/>\n<strong>Dimensiones (cm):<\/strong> 15.2 x 22.9<br \/>\n<strong>Tinta interior:<\/strong> blanco y negro<br \/>\n<strong>Costo:<\/strong> 28.50 USD \/ 23.86 EUROS<\/p>\n<p><a href=\"https:\/\/www.lulu.com\/commerce\/index.php?fBuyProduct=18667603\" target=\"blank\"><img decoding=\"async\" src=\"http:\/\/static.lulu.com\/images\/services\/buy_now_buttons\/es\/book_blue.gif?20111107144931\" alt=\"Comprar este libro en Lulu.com\" border=\"0\" \/><\/a><\/p>\n<h6>Sobre la distribuci\u00f3n y forma de pago de los libros de Ariel Arango<\/h6>\n<p style=\"text-align: justify;\"><img decoding=\"async\" loading=\"lazy\" class=\"alignnone size-full wp-image-213\" title=\"\" src=\"http:\/\/www.arielarango.com\/wp-content\/uploads\/2011\/10\/lulu-formas-de-pago.jpg\" alt=\"\" width=\"255\" height=\"31\" \/><\/p>\n<p style=\"text-align: justify;\">Ariel Arango ha elegido a la empresa internacional <strong>Lulu.com<\/strong> como la \u00fanica autorizada y encargada de distribuir y cobrar sus libros en todo el mundo. Una vez que Ud. hace click en uno de los botones <strong>\u00abComprar ahora Lulu.\u00bb<\/strong>, ser\u00e1 redireccionado al sitio web de <strong>Lulu.com<\/strong> donde podr\u00e1 seleccionar el costo y tipo de env\u00edo e indicar la direcci\u00f3n en la cual desea recibir los libros y elegir la modalidad de pago que le parezca m\u00e1s conveniente (tarjeta de cr\u00e9dito \/ d\u00e9bito <strong>VISA<\/strong>, <strong>MASTERCARD<\/strong>, <strong>AMERICAN EXPRESS<\/strong>, <strong>DISCOVER<\/strong> o fondos disponibles en <strong>Paypal.com<\/strong>). Completado este paso, los libros ser\u00e1n enviados al domicilio indicado por Ud. guardando relaci\u00f3n con el m\u00e9todo de env\u00edo que haya seleccionado.<\/p>\n<h5>Ariel Arango presenta \u00abEl var\u00f3n castrado\u00bb Y \u00abEl H\u00e9roe\u00bb<\/h5>\n<p><iframe loading=\"lazy\" src=\"http:\/\/player.vimeo.com\/video\/30910671?title=0&amp;byline=0&amp;portrait=0&amp;color=ff0179\" width=\"589\" height=\"442\" frameborder=\"0\"><\/iframe><\/p>\n<p style=\"text-align: justify;\">Luego de presentar \u00abEl anillo funesto\u00bb, primer libro de la trilog\u00eda \u00abDon Juan\u00bb, Ariel C. Arango presenta \u00abEl var\u00f3n castrado\u00bb y \u00abEl H\u00e9roe\u00bb, segundo y tercer libro de la mencionada trilog\u00eda. Presenta adem\u00e1s la re-edici\u00f3n de \u00abLas malas palabras\u00bb, \u00abLos genitales y el destino\u00bb y \u00abLa madre voluptuosa\u00bb. Lugar: Librer\u00eda Ameghino (Rosario). Fecha: 18\/08\/2010.<\/p>\n","protected":false},"excerpt":{"rendered":"<p>Matrimonio: un ritual que desinfla el deseo Tercer\u00a0libro de la trilog\u00eda \u00abDon Juan\u00bb y que se incluye adem\u00e1s como la\u00a0tercera parte de \u00abDon Juan. Psicoan\u00e1lisis del matrimonio\u00bb Freud dice que un h\u00e9roe es quien se ha levantado valientemente contra su padre, terminando por vencerlo. Y por eso Don Juan, que lo era, nunca se someti\u00f3 [&hellip;]<\/p>\n","protected":false},"author":1,"featured_media":0,"parent":2,"menu_order":7,"comment_status":"open","ping_status":"open","template":"","meta":[],"_links":{"self":[{"href":"https:\/\/www.arielarango.com\/index.php?rest_route=\/wp\/v2\/pages\/171"}],"collection":[{"href":"https:\/\/www.arielarango.com\/index.php?rest_route=\/wp\/v2\/pages"}],"about":[{"href":"https:\/\/www.arielarango.com\/index.php?rest_route=\/wp\/v2\/types\/page"}],"author":[{"embeddable":true,"href":"https:\/\/www.arielarango.com\/index.php?rest_route=\/wp\/v2\/users\/1"}],"replies":[{"embeddable":true,"href":"https:\/\/www.arielarango.com\/index.php?rest_route=%2Fwp%2Fv2%2Fcomments&post=171"}],"version-history":[{"count":20,"href":"https:\/\/www.arielarango.com\/index.php?rest_route=\/wp\/v2\/pages\/171\/revisions"}],"predecessor-version":[{"id":411,"href":"https:\/\/www.arielarango.com\/index.php?rest_route=\/wp\/v2\/pages\/171\/revisions\/411"}],"up":[{"embeddable":true,"href":"https:\/\/www.arielarango.com\/index.php?rest_route=\/wp\/v2\/pages\/2"}],"wp:attachment":[{"href":"https:\/\/www.arielarango.com\/index.php?rest_route=%2Fwp%2Fv2%2Fmedia&parent=171"}],"curies":[{"name":"wp","href":"https:\/\/api.w.org\/{rel}","templated":true}]}}