{"id":37,"date":"2011-10-24T19:43:28","date_gmt":"2011-10-24T22:43:28","guid":{"rendered":"http:\/\/www.arielarango.com\/?page_id=37"},"modified":"2016-12-15T15:00:42","modified_gmt":"2016-12-15T18:00:42","slug":"las-malas-palabras","status":"publish","type":"page","link":"https:\/\/www.arielarango.com\/?page_id=37","title":{"rendered":"Las malas palabras"},"content":{"rendered":"<h5>Virtudes de la obscenidad<\/h5>\n<p><img decoding=\"async\" loading=\"lazy\" class=\"alignnone size-full wp-image-137\" src=\"http:\/\/www.arielarango.com\/wp-content\/uploads\/2011\/10\/las-malas-palabras.jpg\" alt=\"Tapa de &quot;Las malas palabras&quot;\" width=\"300\" height=\"451\" srcset=\"https:\/\/www.arielarango.com\/wp-content\/uploads\/2011\/10\/las-malas-palabras.jpg 300w, https:\/\/www.arielarango.com\/wp-content\/uploads\/2011\/10\/las-malas-palabras-199x300.jpg 199w\" sizes=\"(max-width: 300px) 100vw, 300px\" \/><\/p>\n<h6 style=\"text-align: justify;\">El lenguaje de la voluptuosidad \u00edntima<\/h6>\n<p style=\"text-align: justify;\">En <strong>Las Malas Palabras<\/strong> el lenguaje obsceno es sometido por primera vez a la mirada escrutadora del psicoan\u00e1lisis que nos descubre su \u00faltimo secreto. Y nos revela as\u00ed el enorme valor que estas voces interdictas tienen en la vida amorosa de hombres y mujeres tanto como en la \u00abcura de las palabras\u00bb ideada por Freud. A la vez el, el autor nos gu\u00eda en un apasionante viaje a trav\u00e9s de la literatura, donde o\u00edmos el rico elenco de las \u00abmalas\u00bb palabras en boca de Rabelais, Quevedo, Mozart, Voltaire, el marqu\u00e9s de Sade, Joyce, Lawrence&#8230; Una obra llena de sorpresas, verdaderamente subyugante.<\/p>\n<h6 style=\"text-align: justify;\">\u00cdndice del libro<\/h6>\n<p style=\"text-align: justify;\">Las malas palabras. Alucinaciones. El camino de la leche. Entre heces y orina nacemos. Crueldad y sumisi\u00f3n. El placer secreto. La prohibici\u00f3n suprema. El anhelo del mar. Elogio de la obscenidad. Tab\u00fa. Libertad.<\/p>\n<h5 style=\"text-align: justify;\">Comentarios sobre el libro<\/h5>\n<p style=\"text-align: justify;\"><img decoding=\"async\" loading=\"lazy\" class=\"alignnone size-full wp-image-303\" title=\"\" src=\"http:\/\/www.arielarango.com\/wp-content\/uploads\/2011\/10\/criticacela.jpg\" alt=\"\" width=\"590\" height=\"150\" srcset=\"https:\/\/www.arielarango.com\/wp-content\/uploads\/2011\/10\/criticacela.jpg 590w, https:\/\/www.arielarango.com\/wp-content\/uploads\/2011\/10\/criticacela-300x76.jpg 300w\" sizes=\"(max-width: 590px) 100vw, 590px\" \/><br \/>\n<img decoding=\"async\" loading=\"lazy\" class=\"alignnone size-full wp-image-304\" title=\"\" src=\"http:\/\/www.arielarango.com\/wp-content\/uploads\/2011\/10\/criticasanguinetti.jpg\" alt=\"\" width=\"590\" height=\"150\" srcset=\"https:\/\/www.arielarango.com\/wp-content\/uploads\/2011\/10\/criticasanguinetti.jpg 590w, https:\/\/www.arielarango.com\/wp-content\/uploads\/2011\/10\/criticasanguinetti-300x76.jpg 300w\" sizes=\"(max-width: 590px) 100vw, 590px\" \/><br \/>\n<img decoding=\"async\" loading=\"lazy\" class=\"alignnone size-full wp-image-305\" title=\"\" src=\"http:\/\/www.arielarango.com\/wp-content\/uploads\/2011\/10\/criticainternational.jpg\" alt=\"\" width=\"590\" height=\"150\" srcset=\"https:\/\/www.arielarango.com\/wp-content\/uploads\/2011\/10\/criticainternational.jpg 590w, https:\/\/www.arielarango.com\/wp-content\/uploads\/2011\/10\/criticainternational-300x76.jpg 300w\" sizes=\"(max-width: 590px) 100vw, 590px\" \/><br \/>\n<img decoding=\"async\" loading=\"lazy\" class=\"alignnone size-full wp-image-306\" title=\"\" src=\"http:\/\/www.arielarango.com\/wp-content\/uploads\/2011\/10\/criticahammer.jpg\" alt=\"\" width=\"590\" height=\"150\" srcset=\"https:\/\/www.arielarango.com\/wp-content\/uploads\/2011\/10\/criticahammer.jpg 590w, https:\/\/www.arielarango.com\/wp-content\/uploads\/2011\/10\/criticahammer-300x76.jpg 300w\" sizes=\"(max-width: 590px) 100vw, 590px\" \/><\/p>\n<h5>Vista previa de \u00abLas malas palabras\u00bb<\/h5>\n<p><a style=\"margin: 12px auto 6px auto; font-family: Helvetica,Arial,Sans-serif; font-style: normal; font-variant: normal; font-weight: normal; font-size: 14px; line-height: normal; font-size-adjust: none; font-stretch: normal; -x-system-font: none; display: block; text-decoration: underline;\" title=\"View Las malas palabras on Scribd\" href=\"http:\/\/www.scribd.com\/doc\/93261046\/Las-malas-palabras\">Las malas palabras<\/a><iframe loading=\"lazy\" id=\"doc_93710\" src=\"http:\/\/www.scribd.com\/embeds\/93261046\/content?start_page=1&amp;view_mode=scroll&amp;access_key=key-1rmedxxu1yzztj03am9a\" width=\"590\" height=\"786\" frameborder=\"0\" scrolling=\"no\" data-auto-height=\"false\" data-aspect-ratio=\"0.666666666666667\"><\/iframe><\/p>\n<h5>Presentaci\u00f3n y costo de \u00abLas malas palabras\u00bb<\/h5>\n<h5>ARGENTINA<\/h5>\n<p><strong>Encuadenaci\u00f3n en tapa blanda<br \/>\n<\/strong><strong>P\u00e1ginas:<\/strong> 232<br \/>\n<strong>Dimensiones (cm):<\/strong> 15.6 x 23.4<br \/>\n<strong>Tinta interior:<\/strong> blanco y negro<br \/>\n<strong>Costo:<\/strong> 440 pesos argentinos<\/p>\n<p><a href=\"https:\/\/www.mercadopago.com\/mla\/checkout\/pay?pref_id=161318525-67aa4e99-3195-4194-950a-ff2a43bdb3ba\"><img decoding=\"async\" loading=\"lazy\" class=\"alignnone size-full wp-image-378\" src=\"http:\/\/www.arielarango.com\/wp-content\/uploads\/2011\/10\/botonargentina.jpg\" alt=\"botonargentina\" width=\"160\" height=\"68\" \/><\/a><br \/>\n<script>\/\/ <![CDATA[\n(function(){function $MPBR_load(){window.$MPBR_loaded !== true &#038;&#038; (function(){var s = document.createElement(\"script\");s.type = \"text\/javascript\";s.async = true;s.src = (\"https:\"==document.location.protocol?\"https:\/\/www.mercadopago.com\/org-img\/jsapi\/mptools\/buttons\/\":\"http:\/\/mp-tools.mlstatic.com\/buttons\/\")+\"render.js\";var x = document.getElementsByTagName('script')[0];x.parentNode.insertBefore(s, x);window.$MPBR_loaded = true;})();}window.$MPBR_loaded !== true ? (window.attachEvent ?window.attachEvent('onload', $MPBR_load) : window.addEventListener('load', $MPBR_load, false)) : null;})();\n\/\/ ]]><\/script><\/p>\n<h5>INTERNACIONAL<\/h5>\n<p><strong>Encuadenaci\u00f3n en tapa blanda<br \/>\n<\/strong><strong>P\u00e1ginas:<\/strong> 232<br \/>\n<strong>Dimensiones\u00a0(cm):<\/strong>\u00a0 15.6 x 23.4<br \/>\n<strong>Tinta interior:<\/strong> blanco y negro<br \/>\n<strong>Costo:<\/strong> 19.50 USD \/ 15.19 EUROS<\/p>\n<p><a href=\"http:\/\/www.lulu.com\/commerce\/index.php?fBuyContent=11781888\" target=\"blank\"><img decoding=\"async\" src=\"http:\/\/static.lulu.com\/images\/services\/buy_now_buttons\/es\/book_blue.gif?20111107144931\" alt=\"Comprar este libro en Lulu.com\" border=\"0\" \/><\/a><\/p>\n<p><strong>Encuadenaci\u00f3n en tapa dura<br \/>\n<\/strong><strong>P\u00e1ginas:<\/strong> 232<br \/>\n<strong>Dimensiones\u00a0(cm):<\/strong>\u00a0 15.2 x 22.9<br \/>\n<strong>Tinta interior:<\/strong> blanco y negro<br \/>\n<strong>Costo:<\/strong>\u00a034.50 USD \/ 28.50 EUROS<\/p>\n<p><a href=\"http:\/\/www.lulu.com\/commerce\/index.php?fBuyContent=11782012\" target=\"blank\"><img decoding=\"async\" src=\"http:\/\/static.lulu.com\/images\/services\/buy_now_buttons\/es\/book_blue.gif?20111107144931\" alt=\"Comprar este libro en Lulu.com\" border=\"0\" \/><\/a><\/p>\n<h6>Sobre la distribuci\u00f3n y forma de pago de los libros de Ariel Arango<\/h6>\n<p style=\"text-align: justify;\"><img decoding=\"async\" loading=\"lazy\" class=\"alignnone size-full wp-image-213\" title=\"\" src=\"http:\/\/www.arielarango.com\/wp-content\/uploads\/2011\/10\/lulu-formas-de-pago.jpg\" alt=\"\" width=\"255\" height=\"31\" \/><\/p>\n<p style=\"text-align: justify;\">Ariel Arango ha elegido a la empresa internacional <strong>Lulu.com<\/strong>\u00a0como la \u00fanica autorizada y encargada de distribuir y cobrar sus libros en todo el mundo. Una vez que Ud. hace click en uno de los botones <strong>\u00abComprar ahora Lulu.\u00bb<\/strong>, ser\u00e1 redireccionado al sitio web de <strong>Lulu.com<\/strong> donde podr\u00e1 seleccionar el costo y tipo de env\u00edo e indicar la direcci\u00f3n en la cual desea recibir los libros y elegir la modalidad de pago que le parezca m\u00e1s conveniente (tarjeta de cr\u00e9dito \/ d\u00e9bito <strong>VISA<\/strong>, <strong>MASTERCARD<\/strong>, <strong>AMERICAN EXPRESS<\/strong>, <strong>DISCOVER<\/strong> o fondos disponibles en <strong>Paypal.com<\/strong>). Completado este paso, los libros ser\u00e1n enviados al domicilio indicado por Ud. guardando relaci\u00f3n con el m\u00e9todo de env\u00edo que haya seleccionado.<\/p>\n<h5 style=\"text-align: justify;\">Ariel Arango, conferencia sobre \u00abLas malas palabras\u00bb<\/h5>\n<p><iframe loading=\"lazy\" src=\"http:\/\/player.vimeo.com\/video\/30098338?title=0&amp;byline=0&amp;portrait=0&amp;color=ff0179\" width=\"589\" height=\"390\" frameborder=\"0\"><\/iframe><\/p>\n<p style=\"text-align: justify;\">Conferencia moderada por Daniel Kuzniecka, quien actualmente representa la adaptaci\u00f3n para teatro del libro best seller de Ariel Arango \u00abLas malas palabras\u00bb. Lugar: el teatro Porte\u00f1o. Fecha: 18\/08\/2011.<\/p>\n<h5>\u00abLas malas palabras\u00bb y su adaptaci\u00f3n para teatro<\/h5>\n<p style=\"text-align: justify;\"><iframe loading=\"lazy\" src=\"http:\/\/player.vimeo.com\/video\/31236759?title=0&amp;byline=0&amp;portrait=0&amp;color=ff0179\" width=\"590\" height=\"391\" frameborder=\"0\"><\/iframe><\/p>\n<p style=\"text-align: justify;\">Las Malas Palabras, Virtudes Terap\u00e9uticas de la Obscenidad\u00bb es una adaptaci\u00f3n para teatro realizada por el actor Daniel Kuzniecka del libro best seller \u00abLas Malas Palabras, Virtudes de la Obscenidad\u00bb del psicoanalista Ariel Arango. Kuzniecka desarroll\u00f3 la adaptaci\u00f3n a modo de formato de conferencia did\u00e1ctica, respaldada con im\u00e1genes y teor\u00edas freudianas, pero no exenta de picard\u00eda.<\/p>\n","protected":false},"excerpt":{"rendered":"<p>Virtudes de la obscenidad El lenguaje de la voluptuosidad \u00edntima En Las Malas Palabras el lenguaje obsceno es sometido por primera vez a la mirada escrutadora del psicoan\u00e1lisis que nos descubre su \u00faltimo secreto. Y nos revela as\u00ed el enorme valor que estas voces interdictas tienen en la vida amorosa de hombres y mujeres tanto [&hellip;]<\/p>\n","protected":false},"author":1,"featured_media":0,"parent":2,"menu_order":1,"comment_status":"open","ping_status":"open","template":"","meta":[],"_links":{"self":[{"href":"https:\/\/www.arielarango.com\/index.php?rest_route=\/wp\/v2\/pages\/37"}],"collection":[{"href":"https:\/\/www.arielarango.com\/index.php?rest_route=\/wp\/v2\/pages"}],"about":[{"href":"https:\/\/www.arielarango.com\/index.php?rest_route=\/wp\/v2\/types\/page"}],"author":[{"embeddable":true,"href":"https:\/\/www.arielarango.com\/index.php?rest_route=\/wp\/v2\/users\/1"}],"replies":[{"embeddable":true,"href":"https:\/\/www.arielarango.com\/index.php?rest_route=%2Fwp%2Fv2%2Fcomments&post=37"}],"version-history":[{"count":77,"href":"https:\/\/www.arielarango.com\/index.php?rest_route=\/wp\/v2\/pages\/37\/revisions"}],"predecessor-version":[{"id":404,"href":"https:\/\/www.arielarango.com\/index.php?rest_route=\/wp\/v2\/pages\/37\/revisions\/404"}],"up":[{"embeddable":true,"href":"https:\/\/www.arielarango.com\/index.php?rest_route=\/wp\/v2\/pages\/2"}],"wp:attachment":[{"href":"https:\/\/www.arielarango.com\/index.php?rest_route=%2Fwp%2Fv2%2Fmedia&parent=37"}],"curies":[{"name":"wp","href":"https:\/\/api.w.org\/{rel}","templated":true}]}}